{"id":8953,"date":"2014-08-08T14:57:39","date_gmt":"2014-08-08T11:57:39","guid":{"rendered":"https:\/\/monikulttuuriyhdistys.fi\/?page_id=8953"},"modified":"2026-04-14T14:49:52","modified_gmt":"2026-04-14T11:49:52","slug":"pomosch-v-adaptacii-i-trudoustroystve","status":"publish","type":"page","link":"https:\/\/monikulttuuriyhdistys.fi\/ru\/pomosch-v-adaptacii-i-trudoustroystve\/","title":{"rendered":"\u041f\u043e\u043c\u043e\u0449\u044c \u0432 \u0430\u0434\u0430\u043f\u0442\u0430\u0446\u0438\u0438 \u0438 \u0442\u0440\u0443\u0434\u043e\u0443\u0441\u0442\u0440\u043e\u0439\u0441\u0442\u0432\u0435"},"content":{"rendered":"<p><span lang=\"RU\">\u0410\u0434\u0430\u043f\u0442\u0430\u0446\u0438\u044f \u043f\u043e\u0434\u0440\u0430\u0437\u0443\u043c\u0435\u0432\u0430\u0435\u0442 \u043f\u0440\u0438\u0432\u044b\u043a\u0430\u043d\u0438\u0435 \u043a \u0436\u0438\u0437\u043d\u0438 \u0432 \u043d\u043e\u0432\u043e\u0439 \u0441\u0442\u0440\u0430\u043d\u0435 \u0438 \u043a\u0443\u043b\u044c\u0442\u0443\u0440\u0435. \u042d\u0442\u043e \u0438\u043d\u0434\u0438\u0432\u0438\u0434\u0443\u0430\u043b\u044c\u043d\u044b\u0439 \u043f\u0440\u043e\u0446\u0435\u0441\u0441 \u0438 \u0442\u0440\u0435\u0431\u0443\u0435\u0442 \u0432\u0440\u0435\u043c\u0435\u043d\u0438. \u041c\u043d\u043e\u0433\u043e\u043a\u0443\u043b\u044c\u0442\u0443\u0440\u043d\u043e\u0435 \u041e\u0431\u0449\u0435\u0441\u0442\u0432\u043e \u0437\u0430\u043d\u0438\u043c\u0430\u0435\u0442\u0441\u044f \u043a\u043e\u043d\u043a\u0440\u0435\u0442\u043d\u043e\u0439 \u0440\u0430\u0431\u043e\u0442\u043e\u0439, \u0441\u043f\u043e\u0441\u043e\u0431\u0441\u0442\u0432\u0443\u044e\u0449\u0435\u0439 \u0430\u0434\u0430\u043f\u0442\u0430\u0446\u0438\u0438 \u0438\u043c\u043c\u0438\u0433\u0440\u0430\u043d\u0442\u043e\u0432.<\/span><\/p>\n<p><span lang=\"RU\">\u0418\u0437\u0443\u0447\u0435\u043d\u0438\u0435 \u0444\u0438\u043d\u0441\u043a\u043e\u0433\u043e \u044f\u0437\u044b\u043a\u0430 \u2013 \u0432\u0430\u0436\u043d\u0430\u044f \u0441\u043e\u0441\u0442\u0430\u0432\u043b\u044f\u044e\u0449\u0430\u044f \u0430\u0434\u0430\u043f\u0442\u0430\u0446\u0438\u0438. \u042f\u0437\u044b\u043a \u2013 \u044d\u0442\u043e \u043a\u043b\u044e\u0447 \u043a \u043f\u043e\u043d\u0438\u043c\u0430\u043d\u0438\u044e \u043a\u0443\u043b\u044c\u0442\u0443\u0440\u044b \u0438 \u0441\u043e\u0437\u0434\u0430\u043d\u0438\u044e \u0441\u043e\u0446\u0438\u0430\u043b\u044c\u043d\u044b\u0445 \u043a\u043e\u043d\u0442\u0430\u043a\u0442\u043e\u0432. \u041c\u043d\u043e\u0433\u043e\u043a\u0443\u043b\u044c\u0442\u0443\u0440\u043d\u043e\u0435 \u041e\u0431\u0449\u0435\u0441\u0442\u0432\u043e \u043f\u0440\u0435\u0434\u043b\u0430\u0433\u0430\u0435\u0442 \u043a\u0443\u0440\u0441\u044b \u0444\u0438\u043d\u0441\u043a\u043e\u0433\u043e \u044f\u0437\u044b\u043a\u0430 \u0438 \u0434\u0438\u0441\u043a\u0443\u0441\u0441\u0438\u043e\u043d\u043d\u044b\u0435 \u0433\u0440\u0443\u043f\u043f\u044b. <a href=\"https:\/\/monikulttuuriyhdistys.fi\/ru\/uchi-yazyki\/\" target=\"_blank\" rel=\"noopener noreferrer\">\u0414\u043e\u043f\u043e\u043b\u043d\u0438\u0442\u0435\u043b\u044c\u043d\u0430\u044f \u0438\u043d\u0444\u043e\u0440\u043c\u0430\u0446\u0438\u044f \u043e \u0438\u0437\u0443\u0447\u0435\u043d\u0438\u0438 \u0444\u0438\u043d\u0441\u043a\u043e\u0433\u043e \u044f\u0437\u044b\u043a\u0430<\/a>\u00a0<\/span><\/p>\n<p>\u0410\u0434\u0430\u043f\u0442\u0430\u0446\u0438\u044f \u0432 \u043d\u043e\u0432\u043e\u0439 \u043a\u0443\u043b\u044c\u0442\u0443\u0440\u0435 \u0442\u0440\u0435\u0431\u0443\u0435\u0442 \u043e\u0441\u0432\u043e\u0435\u043d\u0438\u044f \u043d\u043e\u0432\u044b\u0445 \u043f\u0440\u0430\u043a\u0442\u0438\u043a. \u0421\u043e\u0437\u0434\u0430\u043d\u0438\u0435 \u0441\u043e\u0446\u0438\u0430\u043b\u044c\u043d\u044b\u0445 \u0441\u0435\u0442\u0435\u0439 \u0438 \u0432\u0437\u0430\u0438\u043c\u043d\u043e\u0439 \u043f\u043e\u0434\u0434\u0435\u0440\u0436\u043a\u0438 \u043f\u043e\u043c\u043e\u0433\u0430\u0435\u0442 \u043f\u043e\u0437\u043d\u0430\u043a\u043e\u043c\u0438\u0442\u044c\u0441\u044f \u0441 \u043d\u043e\u0432\u043e\u0439 \u043a\u0443\u043b\u044c\u0442\u0443\u0440\u043e\u0439. \u0418\u043d\u0442\u0435\u0440\u0433\u0430\u0446\u0438\u044f \u0434\u043e\u0441\u0442\u0438\u0433\u0430\u0435\u0442\u0441\u044f \u043d\u0435 \u0442\u043e\u043b\u044c\u043a\u043e \u043e\u0444\u0438\u0446\u0438\u0430\u043b\u044c\u043d\u044b\u043c\u0438 \u043c\u0435\u0440\u0430\u043c\u0438, \u043d\u043e \u0438 \u0437\u043d\u0430\u0447\u0438\u0442\u0435\u043b\u044c\u043d\u043e\u0439 \u0440\u043e\u043b\u044c\u044e, \u043a\u043e\u0442\u043e\u0440\u0443\u044e \u0442\u0433\u0440\u0430\u044e\u0442 \u0430\u0441\u0441\u043e\u0446\u0438\u0430\u0446\u0438\u0438 \u0438 \u043e\u0442\u0434\u0435\u043b\u044c\u043d\u044b\u0435 \u043b\u0438\u0446\u0430, \u043e\u043a\u0430\u0437\u044b\u0432\u0430\u044e\u0449\u0438\u0435 \u0441\u043e\u0446\u0438\u0430\u043b\u044c\u043d\u0443\u044e \u043f\u043e\u0434\u0434\u0435\u0440\u0436\u043a\u0443. <span lang=\"RU\">\u041c\u043d\u043e\u0433\u043e\u043a\u0443\u043b\u044c\u0442\u0443\u0440\u043d\u043e\u0435 \u041e\u0431\u0449\u0435\u0441\u0442\u0432\u043e \u043e\u0440\u0433\u0430\u043d\u0438\u0437\u043e\u0432\u0443\u0435\u0442 \u0440\u0430\u0437\u043d\u043e\u043e\u0431\u0440\u0430\u0437\u043d\u044b\u0435 \u0434\u043e\u0441\u0443\u0433\u043e\u0432\u044b\u0435 \u043c\u0435\u0440\u043e\u043f\u0440\u0438\u044f\u0442\u0438\u044f \u0434\u043b\u044f \u0441\u043e\u0434\u0435\u0439\u0441\u0442\u0432\u0438\u044f \u0438\u043d\u0442\u0435\u0433\u0440\u0430\u0446\u0438\u0438 \u0438 \u043f\u0440\u0435\u0434\u043e\u0441\u0442\u0430\u0432\u043b\u044f\u0435\u0442 \u0432\u043e\u0437\u043c\u043e\u0436\u043d\u043e\u0441\u0442\u0438 \u0434\u043b\u044f \u0441\u043e\u0437\u0434\u0430\u043d\u0438\u044f \u0441\u043e\u0446\u0438\u0430\u043b\u044c\u043d\u044b\u0445 \u0441\u0435\u0442\u0435\u0439.<\/span><\/p>\n<p>\u0422\u0440\u0443\u0434\u043e\u0443\u0441\u0442\u0440\u043e\u0439\u0441\u0442\u0432\u043e \u0438 \u043e\u0431\u0440\u0430\u0437\u043e\u0432\u0430\u043d\u0438\u0435 \u044f\u0432\u043b\u044f\u044e\u0442\u0441\u044f \u0441\u0443\u0449\u0435\u0441\u0442\u0432\u0435\u043d\u043d\u044b\u043c\u0438 \u0444\u0430\u043a\u0442\u043e\u0440\u0430\u043c\u0438 \u0430\u0434\u0430\u043f\u0442\u0430\u0446\u0438\u0438. \u041f\u0440\u043e\u0435\u043a\u0442<a href=\"https:\/\/monikulttuuriyhdistys.fi\/ru\/lichnaya-karera\/\" target=\"_blank\" rel=\"noopener noreferrer\"> <strong>\u00ab\u041b\u0418\u0427\u041d\u0410\u042f \u041a\u0410\u0420\u042c\u0415\u0420\u0410\u00bb<\/strong><\/a> \u043f\u043e\u0434\u043e\u0442\u0447\u0435\u0442\u0435\u043d \u041c\u043d\u043e\u0433\u043e\u043a\u0443\u043b\u044c\u0442\u0443\u0440\u043d\u043e\u043c\u0443 \u041e\u0431\u0449\u0435\u0441\u0442\u0432\u0443 \u0421\u0430\u0442\u0430\u043a\u0443\u043d\u0442\u044b \u0438 \u0435\u0433\u043e \u0446\u0435\u043b\u044c \u0441\u043e\u0434\u0435\u0439\u0441\u0442\u0432\u043e\u0432\u0430\u0442\u044c \u0442\u0440\u0443\u0434\u043e\u0443\u0441\u0442\u0440\u043e\u0439\u0441\u0442\u0432\u0443 \u0438\u043c\u043c\u0438\u0433\u0440\u0430\u043d\u0442\u043e\u0432 \u043f\u0443\u0442\u0435\u043c \u043f\u043e\u0438\u0441\u043a\u0430 \u0438 \u043f\u0440\u0435\u0434\u043e\u0441\u0442\u0430\u0432\u043b\u0435\u043d\u0438\u044f:<\/p>\n<p>&#8212; \u0440\u0430\u0431\u043e\u0442\u0430, \u0441\u0442\u0430\u0436\u0438\u0440\u043e\u0432\u043a\u0438 \u0438 \u0440\u0435\u0430\u0431\u0438\u043b\u0438\u0442\u0430\u0446\u0438\u043e\u043d\u043d\u043e\u0435 \u043e\u0431\u0443\u0447\u0435\u043d\u0438\u0435 \u043d\u0430 \u0440\u0430\u0431\u043e\u0447\u0435\u043c \u043c\u0435\u0441\u0442\u0435<\/p>\n<p>-\u043e\u0431\u0443\u0447\u0435\u043d\u0438\u0435 \u0438 \u043f\u0440\u0435\u043f\u043e\u0434\u0430\u0432\u0430\u043d\u0438\u0435<\/p>\n<p>-\u043f\u0440\u0438\u0430\u043a\u0442\u0438\u0447\u0435\u0441\u043a\u0438\u0435 \u0438 \u043a\u043e\u043d\u043a\u0440\u0435\u0442\u043d\u044b\u0435 \u0440\u0435\u043a\u043e\u043c\u0435\u043d\u0434\u0430\u0446\u0438\u0438 \u043f\u043e \u043f\u043e\u0438\u0441\u043a\u0443 \u0440\u0430\u0431\u043e\u0442\u044b<\/p>\n<p>\u0421\u043e\u0442\u0440\u0443\u0434\u043d\u0438\u043a\u0438 \u043f\u0440\u043e\u0435\u043a\u0442\u0430 \u043f\u043e\u043c\u043e\u0433\u0430\u044e\u0442 \u0432 \u0442.\u0447. \u0432 \u0441\u043e\u0441\u0442\u0430\u0432\u043b\u0435\u043d\u0438\u0438 \u0440\u0435\u0437\u044e\u043c\u0435, \u0437\u0430\u044f\u0432\u043b\u0435\u043d\u0438\u0439 \u043d\u0430 \u0440\u0430\u0431\u043e\u0442\u0443, \u0430 \u0442\u0430\u043a\u0436\u0435 \u0437\u043d\u0430\u043a\u043e\u043c\u044f\u0442 \u0441 \u0444\u0438\u043d\u0441\u043a\u043e\u0439 \u043a\u0443\u043b\u044c\u0442\u0443\u0440\u043e\u0439 \u0442\u0440\u0443\u0434\u0430.<\/p>\n<p><a href=\"https:\/\/monikulttuuriyhdistys.fi\/ru\/azbuka-trudovoy-zhizni\/\" target=\"_blank\" rel=\"noopener noreferrer\">Ty\u00f6el\u00e4m\u00e4n ABC maahanmuuttajille<\/a> &#8212; \u0441\u043f\u0440\u0430\u0432\u043e\u0447\u043d\u0438\u043a \u043f\u043e \u0442\u0440\u0443\u0434\u043e\u0443\u0441\u0442\u0440\u043e\u0439\u0441\u0442\u0432\u0443 \u0432 \u041f\u043e\u0440\u0438. \u0421\u043f\u0440\u0430\u0432\u043e\u0447\u043d\u0438\u043a \u043d\u0430\u043f\u0438\u0441\u0430\u043d\u043e \u043f\u0440\u043e\u0441\u0442\u044b\u043c \u044f\u0437\u044b\u043a\u043e\u043c.\u00a0 \u0412 \u0441\u043f\u0440\u0430\u0432\u043e\u0447\u043d\u0438\u043a\u0435 9 \u0433\u043b\u0430\u0432: \u0438\u0437\u0443\u0447\u0435\u043d\u0438\u0435 \u0444\u0438\u043d\u0441\u043a\u043e\u0433\u043e \u044f\u0437\u044b\u043a\u0430, \u0443\u0447\u0435\u0431\u0430, \u0437\u0430\u044f\u0432\u043b\u0435\u043d\u0438\u0435 \u043d\u0430 \u0440\u0430\u0431\u043e\u0442\u0443, \u0440\u0435\u0437\u044e\u043c\u0435, \u043f\u043e\u0438\u0441\u043a \u0440\u0430\u0431\u043e\u0442\u044b, \u0438\u043d\u0442\u0435\u0440\u0432\u044c\u044e, \u0444\u0438\u043d\u0441\u043a\u0430\u044f \u043a\u0443\u043b\u044c\u0442\u0443\u0440\u0430 \u0442\u0440\u0443\u0434\u0430, \u0442\u0440\u0443\u0434\u043e\u0432\u044b\u0435 \u0437\u0430\u043a\u043e\u043d\u044b, \u0434\u043e\u0433\u043e\u0432\u043e\u0440\u0430 \u0438 \u043f\u0440\u0435\u0434\u043f\u0440\u0438\u043d\u0438\u043c\u0430\u0442\u0435\u043b\u044c\u0441\u0442\u0432\u043e.<\/p>\n","protected":false},"excerpt":{"rendered":"<p>\u0410\u0434\u0430\u043f\u0442\u0430\u0446\u0438\u044f \u043f\u043e\u0434\u0440\u0430\u0437\u0443\u043c\u0435\u0432\u0430\u0435\u0442 \u043f\u0440\u0438\u0432\u044b\u043a\u0430\u043d\u0438\u0435 \u043a \u0436\u0438\u0437\u043d\u0438 \u0432 \u043d\u043e\u0432\u043e\u0439 &hellip; <\/p>\n","protected":false},"author":32,"featured_media":0,"parent":0,"menu_order":0,"comment_status":"closed","ping_status":"closed","template":"","meta":{"_EventAllDay":false,"_EventTimezone":"","_EventStartDate":"","_EventEndDate":"","_EventStartDateUTC":"","_EventEndDateUTC":"","_EventShowMap":false,"_EventShowMapLink":false,"_EventURL":"","_EventCost":"","_EventCostDescription":"","_EventCurrencySymbol":"","_EventCurrencyCode":"","_EventCurrencyPosition":"","_EventDateTimeSeparator":"","_EventTimeRangeSeparator":"","_EventOrganizerID":[],"_EventVenueID":[],"_OrganizerEmail":"","_OrganizerPhone":"","_OrganizerWebsite":"","_VenueAddress":"","_VenueCity":"","_VenueCountry":"","_VenueProvince":"","_VenueState":"","_VenueZip":"","_VenuePhone":"","_VenueURL":"","_VenueStateProvince":"","_VenueLat":"","_VenueLng":"","_VenueShowMap":false,"_VenueShowMapLink":false},"acf":[],"aioseo_notices":[],"_links":{"self":[{"href":"https:\/\/monikulttuuriyhdistys.fi\/ru\/wp-json\/wp\/v2\/pages\/8953"}],"collection":[{"href":"https:\/\/monikulttuuriyhdistys.fi\/ru\/wp-json\/wp\/v2\/pages"}],"about":[{"href":"https:\/\/monikulttuuriyhdistys.fi\/ru\/wp-json\/wp\/v2\/types\/page"}],"author":[{"embeddable":true,"href":"https:\/\/monikulttuuriyhdistys.fi\/ru\/wp-json\/wp\/v2\/users\/32"}],"replies":[{"embeddable":true,"href":"https:\/\/monikulttuuriyhdistys.fi\/ru\/wp-json\/wp\/v2\/comments?post=8953"}],"version-history":[{"count":2,"href":"https:\/\/monikulttuuriyhdistys.fi\/ru\/wp-json\/wp\/v2\/pages\/8953\/revisions"}],"predecessor-version":[{"id":28918,"href":"https:\/\/monikulttuuriyhdistys.fi\/ru\/wp-json\/wp\/v2\/pages\/8953\/revisions\/28918"}],"wp:attachment":[{"href":"https:\/\/monikulttuuriyhdistys.fi\/ru\/wp-json\/wp\/v2\/media?parent=8953"}],"curies":[{"name":"wp","href":"https:\/\/api.w.org\/{rel}","templated":true}]}}