{"id":8914,"date":"2018-04-13T14:45:10","date_gmt":"2018-04-13T11:45:10","guid":{"rendered":"https:\/\/monikulttuuriyhdistys.fi\/?page_id=8914"},"modified":"2026-04-14T13:10:02","modified_gmt":"2026-04-14T10:10:02","slug":"upravlenie","status":"publish","type":"page","link":"https:\/\/monikulttuuriyhdistys.fi\/ru\/upravlenie\/","title":{"rendered":"\u0423\u043f\u0440\u0430\u0432\u043b\u0435\u043d\u0438\u0435"},"content":{"rendered":"<p>\u0417\u0430 \u0434\u0435\u044f\u0442\u0435\u043b\u044c\u043d\u043e\u0441\u0442\u044c \u041c\u043d\u043e\u0433\u043e\u043a\u0443\u043b\u044c\u0442\u0443\u0440\u043d\u043e\u0433\u043e \u043e\u0431\u0449\u0435\u0441\u0442\u0432\u0430 \u0421\u0430\u0442\u0430\u043a\u0443\u043d\u0442\u044b \u043e\u0442\u0432\u0435\u0447\u0430\u0435\u0442 \u043f\u0440\u0430\u0432\u043b\u0435\u043d\u0438\u0435 \u043e\u0431\u0449\u0435\u0441\u0442\u0432\u0430.<\/p>\n<p><b>\u041f\u0440\u0430\u0432\u043b\u0435\u043d\u0438\u0435<\/b><strong>\u00a02024<\/strong><\/p>\n<p><span style=\"font-size: 1.125rem;\">Pentti Rantanen, \u043f\u0440\u0435<\/span><span style=\"font-size: 1.125rem;\">\u0434\u0441\u0435\u0434\u0430\u0442\u0435\u043b\u044c (\u0424\u0438\u043d\u043b\u044f\u043d\u0434\u0438\u044f)<\/span><br \/>\nAnne-Maarit Ruoho, \u0437\u0430\u043c.\u043f\u0440\u0435\u0434\u0441\u0435\u0434\u0430\u0442\u0435\u043b\u044f (\u0424\u0438\u043d\u043b\u044f\u043d\u0434\u0438\u044f)<br \/>\nNatalia Rajam\u00e4ki, \u0441\u0435\u043a\u0440\u0435\u0442\u0430\u0440\u044c (\u0420\u043e\u0441\u0441\u0438\u044f)<br \/>\nSigne Sundja, \u0437\u0430\u043f\u0430\u0441\u043d\u043e\u0439 \u0447\u043b\u0435\u043d (\u042d\u0441\u0442\u043e\u043d\u0438\u044f)<br \/>\nAri Rajainm\u00e4ki, \u0447\u043b\u0435\u043d (\u0424\u0438\u043d\u043b\u044f\u043d\u0434\u0438\u044f)<br \/>\nNataliia Koivuniemi, \u0447\u043b\u0435\u043d (\u0423\u043a\u0440\u0430\u0438\u043d\u0430)<br \/>\nAarno Hakam\u00e4ki, \u0437\u0430\u043f\u0430\u0441\u043d\u043e\u0439 \u0447\u043b\u0435\u043d (\u0424\u0438\u043d\u043b\u044f\u043d\u0434\u0438\u044f)<br \/>\n<span style=\"font-size: 1.125rem;\">Tatiana Storberg, \u0447\u043b\u0435\u043d (\u0420\u043e\u0441\u0441\u0438\u044f)<br \/>\n<\/span>Kirsi Wambua, \u0447\u043b\u0435\u043d (\u0424\u0438\u043d\u043b\u044f\u043d\u0434\u0438\u044f)<\/p>\n<p>Elena Kim, \u0447\u043b\u0435\u043d\u00a0 (\u0420\u043e\u0441\u0441\u0438\u044f)<\/p>\n<p>\u2026\u2026\u2026\u2026\u2026\u2026<\/p>\n<p>Maija Aalto, \u043a\u0430\u0437\u043d\u0430\u0447\u0435\u0439<br \/>\nNiina Hyytinen, \u043f\u0440\u0435\u0434\u0441\u0442\u0430\u0432\u0438\u0442\u0435\u043b\u044c \u0433\u043e\u0440\u043e\u0434\u0430 \u041f\u043e\u0440\u0438<br \/>\nJohanna Koskela, \u0437\u0430\u043f\u0430\u0441\u043d\u043e\u0439 \u043f\u0440\u0435\u0434\u0441\u0442\u0430\u0432\u0438\u0442\u0435\u043b\u044c \u0433\u043e\u0440\u043e\u0434\u0430 \u041f\u043e\u0440\u0438<\/p>\n<p>\u2026\u2026\u2026\u2026\u2026\u2026<\/p>\n<p>Maija Aalto, taloudenhoitaja<br \/>\nNiina Hyytinen, kaupungin edustaja<br \/>\nJohanna Koskela, kaupungin varaedustaja<\/p>\n<p><strong><a href=\"https:\/\/monikulttuuriyhdistys.fi\/wp-content\/uploads\/2019\/06\/Yhdistyksen-s\u00e4\u00e4nn\u00f6t.pdf\" target=\"_blank\" rel=\"noopener noreferrer\">\u041f\u0440\u0430\u0432\u0438\u043b\u0430 \u0430\u0441\u0441\u043e\u0446\u0438\u0430\u0446\u0438\u0438<\/a><\/strong><\/p>\n<p>&nbsp;<\/p>\n<p>&nbsp;<\/p>\n<p>&nbsp;<\/p>\n","protected":false},"excerpt":{"rendered":"<p>\u0417\u0430 \u0434\u0435\u044f\u0442\u0435\u043b\u044c\u043d\u043e\u0441\u0442\u044c \u041c\u043d\u043e\u0433\u043e\u043a\u0443\u043b\u044c\u0442\u0443\u0440\u043d\u043e\u0433\u043e \u043e\u0431\u0449\u0435\u0441\u0442\u0432\u0430 \u0421\u0430\u0442\u0430\u043a\u0443\u043d\u0442\u044b \u043e\u0442\u0432\u0435\u0447\u0430\u0435\u0442 \u043f\u0440\u0430\u0432\u043b\u0435\u043d\u0438\u0435 &hellip; <\/p>\n","protected":false},"author":32,"featured_media":0,"parent":0,"menu_order":0,"comment_status":"closed","ping_status":"closed","template":"","meta":{"_EventAllDay":false,"_EventTimezone":"","_EventStartDate":"","_EventEndDate":"","_EventStartDateUTC":"","_EventEndDateUTC":"","_EventShowMap":false,"_EventShowMapLink":false,"_EventURL":"","_EventCost":"","_EventCostDescription":"","_EventCurrencySymbol":"","_EventCurrencyCode":"","_EventCurrencyPosition":"","_EventDateTimeSeparator":"","_EventTimeRangeSeparator":"","_EventOrganizerID":[],"_EventVenueID":[],"_OrganizerEmail":"","_OrganizerPhone":"","_OrganizerWebsite":"","_VenueAddress":"","_VenueCity":"","_VenueCountry":"","_VenueProvince":"","_VenueState":"","_VenueZip":"","_VenuePhone":"","_VenueURL":"","_VenueStateProvince":"","_VenueLat":"","_VenueLng":"","_VenueShowMap":false,"_VenueShowMapLink":false},"acf":[],"aioseo_notices":[],"_links":{"self":[{"href":"https:\/\/monikulttuuriyhdistys.fi\/ru\/wp-json\/wp\/v2\/pages\/8914"}],"collection":[{"href":"https:\/\/monikulttuuriyhdistys.fi\/ru\/wp-json\/wp\/v2\/pages"}],"about":[{"href":"https:\/\/monikulttuuriyhdistys.fi\/ru\/wp-json\/wp\/v2\/types\/page"}],"author":[{"embeddable":true,"href":"https:\/\/monikulttuuriyhdistys.fi\/ru\/wp-json\/wp\/v2\/users\/32"}],"replies":[{"embeddable":true,"href":"https:\/\/monikulttuuriyhdistys.fi\/ru\/wp-json\/wp\/v2\/comments?post=8914"}],"version-history":[{"count":3,"href":"https:\/\/monikulttuuriyhdistys.fi\/ru\/wp-json\/wp\/v2\/pages\/8914\/revisions"}],"predecessor-version":[{"id":28908,"href":"https:\/\/monikulttuuriyhdistys.fi\/ru\/wp-json\/wp\/v2\/pages\/8914\/revisions\/28908"}],"wp:attachment":[{"href":"https:\/\/monikulttuuriyhdistys.fi\/ru\/wp-json\/wp\/v2\/media?parent=8914"}],"curies":[{"name":"wp","href":"https:\/\/api.w.org\/{rel}","templated":true}]}}