{"id":15789,"date":"2019-10-08T12:50:35","date_gmt":"2019-10-08T09:50:35","guid":{"rendered":"https:\/\/monikulttuuriyhdistys.fi\/?page_id=15789"},"modified":"2026-04-14T12:12:23","modified_gmt":"2026-04-14T09:12:23","slug":"zhivaya-yazykovaya-cepochka","status":"publish","type":"page","link":"https:\/\/monikulttuuriyhdistys.fi\/ru\/zhivaya-yazykovaya-cepochka\/","title":{"rendered":"\u0416\u0438\u0432\u0430\u044f \u044f\u0437\u044b\u043a\u043e\u0432\u0430\u044f \u0446\u0435\u043f\u043e\u0447\u043a\u0430"},"content":{"rendered":"<p class=\"direction-ltr align-justify para-style-body\"><strong><img fetchpriority=\"high\" decoding=\"async\" class=\"wp-image-22919 alignleft\" src=\"https:\/\/monikulttuuriyhdistys.fi\/wp-content\/uploads\/2023\/01\/hgfd.png\" alt=\"\" width=\"394\" height=\"775\" \/><span style=\"color: #0000ff;\">\u0414\u043e\u0431\u0440\u043e \u043f\u043e\u0436\u0430\u043b\u043e\u0432\u0430\u0442\u044c\u00a0 \u043f\u043e\u0433\u043e\u0432\u043e\u0440\u0438\u0442\u044c \u043f\u043e-\u0444\u0438\u043d\u0441\u043a\u0438!<br \/>\n<\/span><\/strong><strong>\u201c\u0416\u0438\u0432\u0430\u044f \u044f\u0437\u044b\u043a\u043e\u0432\u0430\u044f \u0446\u0435\u043f\u043e\u0447\u043a\u0430\u201d<\/strong> &#8212; \u044d\u0442\u043e \u043d\u043e\u0432\u0430\u044f \u043c\u043e\u0434\u0435\u043b\u044c \u0438\u0437\u0443\u0447\u0435\u043d\u0438\u044f \u0444\u0438\u043d\u0441\u043a\u043e\u0433\u043e \u044f\u0437\u044b\u043a\u0430, \u0440\u0430\u0437\u0440\u0430\u0431\u043e\u0442\u0430\u043d\u043d\u0430\u044f \u0432 \u041c\u043d\u043e\u0433\u043e\u043a\u0443\u043b\u044c\u0442\u0443\u0440\u043d\u043e\u043c \u041e\u0431\u0449\u0435\u0441\u0442\u0432\u0435 \u0421\u0430\u0442\u0430\u043a\u0443\u043d\u0442\u044b. \u0418\u043c\u043c\u0438\u0433\u0440\u0430\u043d\u0442\u044b, \u043e\u0431\u0449\u0430\u044f\u0441\u044c \u0441 \u0444\u0438\u043d\u0441\u043a\u0438\u043c\u0438 \u0432\u043e\u043b\u043e\u043d\u0442\u0435\u0440\u0430\u043c\u0438, \u043d\u0430 \u043f\u0440\u0430\u043a\u0442\u0438\u043a\u0435 \u043f\u0440\u0438\u043c\u0435\u043d\u044f\u044e\u0442 \u0442\u0435\u043e\u0440\u0435\u0442\u0438\u0447\u0435\u0441\u043a\u0438\u0435 \u0437\u043d\u0430\u043d\u0438\u044f, \u043f\u043e\u043b\u0443\u0447\u0435\u043d\u043d\u044b\u0435 \u043d\u0430 \u043a\u0443\u0440\u0441\u0430\u0445, \u0438\u0437\u0443\u0447\u0430\u044e\u0442 \u0444\u0438\u043d\u0441\u043a\u0438\u0439 \u0440\u0430\u0437\u0433\u043e\u0432\u043e\u0440\u043d\u044b\u0439 \u044f\u0437\u044b\u043a \u0438 \u0435\u0433\u043e \u0434\u0438\u0430\u043b\u0435\u043a\u0442\u044b. \u201c\u0416\u0438\u0432\u0430\u044f \u044f\u0437\u044b\u043a\u043e\u0432\u0430\u044f \u0446\u0435\u043f\u043e\u0447\u043a\u0430\u201d \u043e\u0440\u0438\u0435\u043d\u0442\u0438\u0440\u043e\u0432\u0430\u043d\u0430 \u043d\u0430 \u0438\u043c\u043c\u0438\u0433\u0440\u0430\u043d\u0442\u043e\u0432, \u043a\u043e\u0442\u043e\u0440\u044b\u0435 \u0443\u0436\u0435 \u0432\u043b\u0430\u0434\u0435\u044e\u0442 \u043e\u0441\u043d\u043e\u0432\u0430\u043c\u0438 \u0444\u0438\u043d\u0441\u043a\u043e\u0433\u043e \u044f\u0437\u044b\u043a\u0430.<br \/>\n\u0412\u044b \u043c\u043e\u0436\u0435\u0442\u0435 \u043d\u0430\u0447\u0430\u0442\u044c \u0443\u0447\u0430\u0441\u0442\u0438\u0435 \u0432 \u201c\u0446\u0435\u043f\u043e\u0447\u043a\u0435\u201d \u0432 \u043b\u044e\u0431\u043e\u0435 \u0432\u0440\u0435\u043c\u044f. \u041f\u0440\u0438\u0433\u043b\u0430\u0448\u0430\u044e\u0442\u0441\u044f \u043a\u0430\u043a \u0438\u043c\u043c\u0438\u0433\u0440\u0430\u043d\u0442\u044b, \u0442\u0430\u043a \u0438 \u0444\u0438\u043d\u0441\u043a\u0438\u0435 \u0432\u043e\u043b\u043e\u043d\u0442\u0435\u0440\u044b. \u0421\u0432\u044f\u0436\u0438\u0442\u0435\u0441\u044c \u0441 P\u00e4ivi \u0434\u043b\u044f \u0440\u0435\u0433\u0438\u0441\u0442\u0440\u0430\u0446\u0438\u0438. \u0412\u044b \u0442\u0430\u043a\u0436\u0435 \u043c\u043e\u0436\u0435\u0442\u0435 \u043f\u043e\u0437\u043d\u0430\u043a\u043e\u043c\u0438\u0442\u044c\u0441\u044f \u0441 \u0434\u0435\u044f\u0442\u0435\u043b\u044c\u043d\u043e\u0441\u0442\u044c\u044e\u00a0 \u201c\u0416\u0438\u0432\u043e\u0439 \u044f\u0437\u044b\u043a\u043e\u0432\u043e\u0439 \u0446\u0435\u043f\u043e\u0447\u043a\u0438\u201d, \u043f\u0440\u0438\u043d\u044f\u0432 \u0443\u0447\u0430\u0441\u0442\u0438\u0435 \u0432 \u043c\u0435\u0440\u043e\u043f\u0440\u0438\u044f\u0442\u0438\u0438 <strong>\u201c\u041f\u043e\u0433\u043e\u0432\u043e\u0440\u0438\u043c \u043f\u043e-\u0444\u0438\u043d\u0441\u043a\u0438 \u0432\u043c\u0435\u0441\u0442\u0435!\u201d<\/strong>, \u043a\u043e\u0442\u043e\u0440\u043e\u0435 \u043f\u0440\u043e\u0432\u043e\u0434\u0438\u0442\u0441\u044f \u0440\u0430\u0437 \u043c\u0435\u0441\u044f\u0446 . \u0423\u0447\u0430\u0441\u0442\u0438\u0435 \u0432 \u043c\u0435\u0440\u043e\u043f\u0440\u0438\u044f\u0442\u0438\u0438 \u0431\u0435\u0441\u043f\u043b\u0430\u0442\u043d\u043e\u0435!<br \/>\n<strong><a title=\"El\u00e4v\u00e4\u00e4n kieliketjuun ilmoittautuminen\" href=\"http:\/\/monikulttuuriyhdistys.fi\/opi-kielia\/elavaan-kieliketjuun-ilmoittautuminen\/\" target=\"_blank\" rel=\"noopener noreferrer\">\u0417\u0430\u0440\u0435\u0433\u0438\u0441\u0442\u0440\u0438\u0440\u0443\u0439\u0442\u0435\u0441\u044c \u0432 \u00ab\u0416\u0438\u0432\u0443\u044e \u044f\u0437\u044b\u043a\u043e\u0432\u0443\u044e \u0446\u0435\u043f\u043e\u0447\u043a\u0443\u00bb \u043f\u0440\u044f\u043c\u043e \u0441\u0435\u0439\u0447\u0430\u0441!<\/a><\/strong><strong style=\"font-size: 1.125rem;\"><a style=\"color: midnightblue; outline: 0px;\" title=\"El\u00e4v\u00e4\u00e4n kieliketjuun ilmoittautuminen\" href=\"http:\/\/monikulttuuriyhdistys.fi\/opi-kielia\/elavaan-kieliketjuun-ilmoittautuminen\/\" rel=\"noopener\"><img decoding=\"async\" class=\"alignnone wp-image-23292\" src=\"https:\/\/monikulttuuriyhdistys.fi\/wp-content\/uploads\/2023\/01\/5a358fcf117082.4655899015134596630714-794x794.png\" alt=\"\" width=\"28\" height=\"28\" srcset=\"https:\/\/monikulttuuriyhdistys.fi\/wp-content\/uploads\/2023\/01\/5a358fcf117082.4655899015134596630714-794x794.png 794w, https:\/\/monikulttuuriyhdistys.fi\/wp-content\/uploads\/2023\/01\/5a358fcf117082.4655899015134596630714-1024x1024.png 1024w, https:\/\/monikulttuuriyhdistys.fi\/wp-content\/uploads\/2023\/01\/5a358fcf117082.4655899015134596630714-1536x1536.png 1536w, https:\/\/monikulttuuriyhdistys.fi\/wp-content\/uploads\/2023\/01\/5a358fcf117082.4655899015134596630714.png 1600w\" sizes=\"(max-width: 28px) 100vw, 28px\" \/><\/a><\/strong><\/p>\n<p class=\"direction-ltr align-justify para-style-body\"><span style=\"color: #0000ff;\"><strong>\u0416\u0438\u0432\u0430\u044f \u044f\u0437\u044b\u043a\u043e\u0432\u0430\u044f \u0446\u0435\u043f\u043e\u0447\u043a\u0430<\/strong><\/span><br \/>\n&#8212; \u043f\u0440\u043e\u0432\u043e\u0434\u0438\u0442\u0441\u044f \u043e\u0441\u0435\u043d\u044c\u044e \u0438 \u0432\u0435\u0441\u043d\u043e\u0439 &#8212; \u0432 \u0442\u0435\u0447\u0435\u043d\u0438\u0435 \u0447\u0435\u0442\u044b\u0440\u0435\u0445 &#8212; \u043f\u044f\u0442\u0438 \u043c\u0435\u0441\u044f\u0446\u0435\u0432<br \/>\n&#8212; \u0433\u0440\u0443\u043f\u043f\u0430 \u0438\u0437 \u0434\u0432\u0443\u0445 &#8212; \u0442\u0440\u0435\u0445 \u0447\u0435\u043b\u043e\u0432\u0435\u043a \u043e\u0431\u0449\u0430\u0435\u0442\u0441\u044f \u043f\u043e-\u0444\u0438\u043d\u0441\u043a\u0438 \u0440\u0430\u0437 \u0432 \u043d\u0435\u0434\u0435\u043b\u044e<br \/>\n&#8212; \u0433\u0440\u0443\u043f\u043f\u044b \u043f\u0435\u0440\u0435\u0444\u043e\u0440\u043c\u0438\u0440\u043e\u0432\u044b\u0432\u0430\u044e\u0442\u0441\u044f \u043a\u0430\u0436\u0434\u044b\u0435 2 \u043c\u0435\u0441\u044f\u0446\u0430<\/p>\n<p style=\"padding-left: 30px;\"><span style=\"color: #0000ff;\"><strong>\u0418\u043c\u043c\u0438\u0433\u0440\u0430\u043d\u0442\u044b<\/strong><\/span><br \/>\n&#8212; \u0441\u0442\u0430\u043d\u0435\u0442\u0435 \u0431\u043e\u043b\u0435\u0435 \u0441\u043c\u0435\u043b\u043e \u0433\u043e\u0432\u043e\u0440\u0438\u0442\u044c \u043f\u043e-\u0444\u0438\u043d\u0441\u043a\u0438<br \/>\n&#8212; \u043f\u043e\u0437\u043d\u0430\u043a\u043e\u043c\u0438\u0442\u0435\u0441\u044c \u0441 \u0440\u0430\u0437\u043b\u0438\u0447\u043d\u044b\u043c\u0438 \u0444\u0438\u043d\u0441\u043a\u0438\u043c\u0438 \u0434\u0438\u0430\u043b\u0435\u043a\u0442\u0430\u043c\u0438 \u0438 \u0440\u0430\u0437\u0433\u043e\u0432\u043e\u0440\u043d\u044b\u043c\u0438 \u0441\u0442\u0438\u043b\u044f\u043c\u0438<br \/>\n&#8212; \u0431\u043e\u043b\u044c\u0448\u0435 \u0443\u0437\u043d\u0430\u0435\u0442\u0435 \u043e \u0444\u0438\u043d\u043d\u0430\u0445 \u0438 \u043e \u0424\u0438\u043d\u043b\u044f\u043d\u0434\u0438\u0438<\/p>\n<p style=\"padding-left: 30px;\"><span style=\"color: #0000ff;\"><strong>\u0424\u0438\u043d\u043d\u044b<\/strong><\/span><br \/>\n&#8212; \u0443\u0437\u043d\u0430\u0435\u0442\u0435 \u043c\u043d\u043e\u0433\u043e \u043d\u043e\u0432\u043e\u0439 \u0438\u043d\u0444\u043e\u0440\u043c\u0430\u0446\u0438\u0438 \u043e \u0440\u0430\u0437\u043d\u044b\u0445 \u043a\u0443\u043b\u044c\u0442\u0443\u0440\u0430\u0445<br \/>\n&#8212; \u0443 \u0432\u0430\u0441 \u043f\u043e\u044f\u0432\u0438\u0442\u0441\u044f \u043f\u043e\u043b\u0435\u0437\u043d\u043e\u0435 \u0438 \u0438\u043d\u0442\u0435\u0440\u0435\u0441\u043d\u043e\u0435 \u0445\u043e\u0431\u0431\u0438<br \/>\n&#8212; \u043f\u043e\u043c\u043e\u0436\u0435\u0442\u0435 \u0438\u043c\u043c\u0438\u0433\u0440\u0430\u043d\u0442\u0430\u043c \u043b\u0443\u0447\u0448\u0435 \u0443\u0437\u043d\u0430\u0442\u044c \u0424\u0438\u043d\u043b\u044f\u043d\u0434\u0438\u044e<\/p>\n<p>&nbsp;<\/p>\n<p><strong style=\"font-size: 1.125rem;\"><span style=\"color: #0000ff;\"><a style=\"color: midnightblue; outline: 0px;\" href=\"https:\/\/monikulttuuriyhdistys.fi\/wp-content\/uploads\/2023\/01\/EKK-esite-2023.pdf\" target=\"_blank\" rel=\"noopener\">Esite<\/a><a href=\"https:\/\/monikulttuuriyhdistys.fi\/wp-content\/uploads\/2023\/01\/EKK-esite-2023.pdf\" target=\"_blank\" rel=\"noopener\">\u00a0<\/a><a href=\"https:\/\/monikulttuuriyhdistys.fi\/wp-content\/uploads\/2023\/01\/EKK-esite-2023.pdf\" target=\"_blank\" rel=\"noopener\"><img decoding=\"async\" class=\"alignnone wp-image-22980\" src=\"https:\/\/monikulttuuriyhdistys.fi\/wp-content\/uploads\/2023\/01\/su.png\" alt=\"\" width=\"39\" height=\"39\" \/><\/a><\/span><\/strong><\/p>\n<p><img loading=\"lazy\" decoding=\"async\" class=\"wp-image-22911 alignleft\" src=\"https:\/\/monikulttuuriyhdistys.fi\/wp-content\/uploads\/2023\/01\/WhatsApp-Kuva-2023-01-16-klo-09.40.56-794x149.jpg\" alt=\"\" width=\"874\" height=\"164\" srcset=\"https:\/\/monikulttuuriyhdistys.fi\/wp-content\/uploads\/2023\/01\/WhatsApp-Kuva-2023-01-16-klo-09.40.56-794x149.jpg 794w, https:\/\/monikulttuuriyhdistys.fi\/wp-content\/uploads\/2023\/01\/WhatsApp-Kuva-2023-01-16-klo-09.40.56-1024x193.jpg 1024w, https:\/\/monikulttuuriyhdistys.fi\/wp-content\/uploads\/2023\/01\/WhatsApp-Kuva-2023-01-16-klo-09.40.56-1536x289.jpg 1536w, https:\/\/monikulttuuriyhdistys.fi\/wp-content\/uploads\/2023\/01\/WhatsApp-Kuva-2023-01-16-klo-09.40.56.jpg 1732w\" sizes=\"(max-width: 874px) 100vw, 874px\" \/><\/p>\n<p><strong>\u00a0<\/strong><\/p>\n<p>&nbsp;<\/p>\n<p>&nbsp;<\/p>\n<p>&nbsp;<\/p>\n<hr \/>\n<p>\u041e\u0431\u0440\u0430\u0449\u0430\u0439\u0442\u0435\u0441\u044c \u0441\u043c\u0435\u043b\u043e!<br \/>\n<b>P\u00e4ivi Kivim\u00e4ki<\/b><br \/>\n040 750 5840 <img loading=\"lazy\" decoding=\"async\" class=\"alignnone wp-image-17152\" src=\"https:\/\/monikulttuuriyhdistys.fi\/wp-content\/uploads\/2021\/01\/whatsapp-messenger.png\" alt=\"\" width=\"25\" height=\"25\" \/><br \/>\n<a href=\"mailto:paivi.kivimaki@monikulttuuriyhdistys.fi\">paivi.kivimaki@monikulttuuriyhdistys.fi<\/a><\/p>\n<hr \/>\n<p class=\"direction-ltr align-justify para-style-body\"><a style=\"font-size: 1.125rem; color: midnightblue; outline: 0px;\" href=\"https:\/\/monikulttuuriyhdistys.fi\/wp-content\/uploads\/2020\/08\/El\u00e4v\u00e4n-kieliketjun-asiakasrekisteri.pdf\" target=\"_blank\" rel=\"noopener noreferrer\">El\u00e4v\u00e4n kieliketjun rekisteriseloste<\/a><\/p>\n<p>&nbsp;<\/p>\n","protected":false},"excerpt":{"rendered":"<p>\u0414\u043e\u0431\u0440\u043e \u043f\u043e\u0436\u0430\u043b\u043e\u0432\u0430\u0442\u044c\u00a0 \u043f\u043e\u0433\u043e\u0432\u043e\u0440\u0438\u0442\u044c \u043f\u043e-\u0444\u0438\u043d\u0441\u043a\u0438! \u201c\u0416\u0438\u0432\u0430\u044f \u044f\u0437\u044b\u043a\u043e\u0432\u0430\u044f \u0446\u0435\u043f\u043e\u0447\u043a\u0430\u201d &hellip; <\/p>\n","protected":false},"author":32,"featured_media":0,"parent":0,"menu_order":0,"comment_status":"closed","ping_status":"closed","template":"","meta":{"_EventAllDay":false,"_EventTimezone":"","_EventStartDate":"","_EventEndDate":"","_EventStartDateUTC":"","_EventEndDateUTC":"","_EventShowMap":false,"_EventShowMapLink":false,"_EventURL":"","_EventCost":"","_EventCostDescription":"","_EventCurrencySymbol":"","_EventCurrencyCode":"","_EventCurrencyPosition":"","_EventDateTimeSeparator":"","_EventTimeRangeSeparator":"","_EventOrganizerID":[],"_EventVenueID":[],"_OrganizerEmail":"","_OrganizerPhone":"","_OrganizerWebsite":"","_VenueAddress":"","_VenueCity":"","_VenueCountry":"","_VenueProvince":"","_VenueState":"","_VenueZip":"","_VenuePhone":"","_VenueURL":"","_VenueStateProvince":"","_VenueLat":"","_VenueLng":"","_VenueShowMap":false,"_VenueShowMapLink":false},"acf":[],"aioseo_notices":[],"_links":{"self":[{"href":"https:\/\/monikulttuuriyhdistys.fi\/ru\/wp-json\/wp\/v2\/pages\/15789"}],"collection":[{"href":"https:\/\/monikulttuuriyhdistys.fi\/ru\/wp-json\/wp\/v2\/pages"}],"about":[{"href":"https:\/\/monikulttuuriyhdistys.fi\/ru\/wp-json\/wp\/v2\/types\/page"}],"author":[{"embeddable":true,"href":"https:\/\/monikulttuuriyhdistys.fi\/ru\/wp-json\/wp\/v2\/users\/32"}],"replies":[{"embeddable":true,"href":"https:\/\/monikulttuuriyhdistys.fi\/ru\/wp-json\/wp\/v2\/comments?post=15789"}],"version-history":[{"count":3,"href":"https:\/\/monikulttuuriyhdistys.fi\/ru\/wp-json\/wp\/v2\/pages\/15789\/revisions"}],"predecessor-version":[{"id":28898,"href":"https:\/\/monikulttuuriyhdistys.fi\/ru\/wp-json\/wp\/v2\/pages\/15789\/revisions\/28898"}],"wp:attachment":[{"href":"https:\/\/monikulttuuriyhdistys.fi\/ru\/wp-json\/wp\/v2\/media?parent=15789"}],"curies":[{"name":"wp","href":"https:\/\/api.w.org\/{rel}","templated":true}]}}