{"id":8862,"date":"2018-10-01T14:54:13","date_gmt":"2018-10-01T11:54:13","guid":{"rendered":"https:\/\/monikulttuuriyhdistys.fi\/?page_id=8862"},"modified":"2025-09-01T11:28:40","modified_gmt":"2025-09-01T08:28:40","slug":"materials","status":"publish","type":"page","link":"https:\/\/monikulttuuriyhdistys.fi\/en\/materials\/","title":{"rendered":"Materials"},"content":{"rendered":"<h3>Employment<\/h3>\n<p style=\"text-align: justify;\">Basics of Working Life for Immigrants is a guide to employment in the Pori region. The guide is written in easy Finnish. The guide has nine sections: learning Finnish, studying, job application, CV, how to find a job, job interview, Finnish culture in working life, laws and agreements regarding working life and entrepreneurship.<\/p>\n<p><a href=\"https:\/\/monikulttuuriyhdistys.fi\/en\/tyoelaman-abc\/\" target=\"_blank\" rel=\"noopener noreferrer\">Ty\u00f6l\u00e4m\u00e4n ABC-maahanmuuttajille \u2013 opas ty\u00f6llistymiseen Porin seudulla<\/a><\/p>\n<p>&nbsp;<\/p>\n","protected":false},"excerpt":{"rendered":"<p>Employment Basics of Working Life for Immigrants &hellip; <\/p>\n","protected":false},"author":32,"featured_media":0,"parent":0,"menu_order":0,"comment_status":"closed","ping_status":"open","template":"","meta":{"_EventAllDay":false,"_EventTimezone":"","_EventStartDate":"","_EventEndDate":"","_EventStartDateUTC":"","_EventEndDateUTC":"","_EventShowMap":false,"_EventShowMapLink":false,"_EventURL":"","_EventCost":"","_EventCostDescription":"","_EventCurrencySymbol":"","_EventCurrencyCode":"","_EventCurrencyPosition":"","_EventDateTimeSeparator":"","_EventTimeRangeSeparator":"","_EventOrganizerID":[],"_EventVenueID":[],"_OrganizerEmail":"","_OrganizerPhone":"","_OrganizerWebsite":"","_VenueAddress":"","_VenueCity":"","_VenueCountry":"","_VenueProvince":"","_VenueState":"","_VenueZip":"","_VenuePhone":"","_VenueURL":"","_VenueStateProvince":"","_VenueLat":"","_VenueLng":"","_VenueShowMap":false,"_VenueShowMapLink":false},"acf":[],"aioseo_notices":[],"_links":{"self":[{"href":"https:\/\/monikulttuuriyhdistys.fi\/en\/wp-json\/wp\/v2\/pages\/8862"}],"collection":[{"href":"https:\/\/monikulttuuriyhdistys.fi\/en\/wp-json\/wp\/v2\/pages"}],"about":[{"href":"https:\/\/monikulttuuriyhdistys.fi\/en\/wp-json\/wp\/v2\/types\/page"}],"author":[{"embeddable":true,"href":"https:\/\/monikulttuuriyhdistys.fi\/en\/wp-json\/wp\/v2\/users\/32"}],"replies":[{"embeddable":true,"href":"https:\/\/monikulttuuriyhdistys.fi\/en\/wp-json\/wp\/v2\/comments?post=8862"}],"version-history":[{"count":0,"href":"https:\/\/monikulttuuriyhdistys.fi\/en\/wp-json\/wp\/v2\/pages\/8862\/revisions"}],"wp:attachment":[{"href":"https:\/\/monikulttuuriyhdistys.fi\/en\/wp-json\/wp\/v2\/media?parent=8862"}],"curies":[{"name":"wp","href":"https:\/\/api.w.org\/{rel}","templated":true}]}}