{"id":8848,"date":"2018-04-13T14:45:10","date_gmt":"2018-04-13T11:45:10","guid":{"rendered":"https:\/\/monikulttuuriyhdistys.fi\/?page_id=8848"},"modified":"2025-10-28T11:03:39","modified_gmt":"2025-10-28T09:03:39","slug":"administration","status":"publish","type":"page","link":"https:\/\/monikulttuuriyhdistys.fi\/en\/administration\/","title":{"rendered":"Administration"},"content":{"rendered":"<p>The administration of the Satakunta Multicultural Association is responsible for the activities of the association.<\/p>\n<p><strong style=\"font-size: 1.125rem;\">The administration 2024<\/strong><\/p>\n<p>Pentti Rantanen, chairman (Finnish)<br \/>\nAnne-Maarit Ruoho, vice chairman (Finnish)<br \/>\nKirsi Wambua, member (Finnish)<br \/>\nAri Rajainm\u00e4ki, member (Finnish)<br \/>\nElena Kim, member (Russian)<br \/>\nTatjana Storberg, member (Russian)<br \/>\nNataliia Koivuniemi, member (Ukrainian)<br \/>\nAarno Hakam\u00e4ki, substitute member (Finnish)<br \/>\nSigne Sundja, Substitute member (Estonian)<\/p>\n<p>Maija Aalto, treasurer<br \/>\n<span style=\"font-size: 1.125rem;\">Niina Hyytinen<\/span>, city representative<br \/>\nJohanna Koskela, substitute city representative<\/p>\n<p><strong><a href=\"https:\/\/monikulttuuriyhdistys.fi\/wp-content\/uploads\/2019\/06\/Yhdistyksen-s\u00e4\u00e4nn\u00f6t.pdf\" target=\"_blank\" rel=\"noopener noreferrer\">Rules of the Association<\/a><\/strong><\/p>\n<p>&nbsp;<\/p>\n<p>&nbsp;<\/p>\n","protected":false},"excerpt":{"rendered":"<p>The administration of the Satakunta Multicultural Association &hellip; <\/p>\n","protected":false},"author":32,"featured_media":0,"parent":0,"menu_order":0,"comment_status":"closed","ping_status":"closed","template":"","meta":{"_EventAllDay":false,"_EventTimezone":"","_EventStartDate":"","_EventEndDate":"","_EventStartDateUTC":"","_EventEndDateUTC":"","_EventShowMap":false,"_EventShowMapLink":false,"_EventURL":"","_EventCost":"","_EventCostDescription":"","_EventCurrencySymbol":"","_EventCurrencyCode":"","_EventCurrencyPosition":"","_EventDateTimeSeparator":"","_EventTimeRangeSeparator":"","_EventOrganizerID":[],"_EventVenueID":[],"_OrganizerEmail":"","_OrganizerPhone":"","_OrganizerWebsite":"","_VenueAddress":"","_VenueCity":"","_VenueCountry":"","_VenueProvince":"","_VenueState":"","_VenueZip":"","_VenuePhone":"","_VenueURL":"","_VenueStateProvince":"","_VenueLat":"","_VenueLng":"","_VenueShowMap":false,"_VenueShowMapLink":false},"acf":[],"aioseo_notices":[],"_links":{"self":[{"href":"https:\/\/monikulttuuriyhdistys.fi\/en\/wp-json\/wp\/v2\/pages\/8848"}],"collection":[{"href":"https:\/\/monikulttuuriyhdistys.fi\/en\/wp-json\/wp\/v2\/pages"}],"about":[{"href":"https:\/\/monikulttuuriyhdistys.fi\/en\/wp-json\/wp\/v2\/types\/page"}],"author":[{"embeddable":true,"href":"https:\/\/monikulttuuriyhdistys.fi\/en\/wp-json\/wp\/v2\/users\/32"}],"replies":[{"embeddable":true,"href":"https:\/\/monikulttuuriyhdistys.fi\/en\/wp-json\/wp\/v2\/comments?post=8848"}],"version-history":[{"count":3,"href":"https:\/\/monikulttuuriyhdistys.fi\/en\/wp-json\/wp\/v2\/pages\/8848\/revisions"}],"predecessor-version":[{"id":28719,"href":"https:\/\/monikulttuuriyhdistys.fi\/en\/wp-json\/wp\/v2\/pages\/8848\/revisions\/28719"}],"wp:attachment":[{"href":"https:\/\/monikulttuuriyhdistys.fi\/en\/wp-json\/wp\/v2\/media?parent=8848"}],"curies":[{"name":"wp","href":"https:\/\/api.w.org\/{rel}","templated":true}]}}